{"id":7,"date":"2022-09-14T19:19:25","date_gmt":"2022-09-14T19:19:25","guid":{"rendered":"http:\/\/drhorvathaugyved.hu\/?page_id=7"},"modified":"2024-05-16T08:04:27","modified_gmt":"2024-05-16T08:04:27","slug":"fooldal","status":"publish","type":"page","link":"https:\/\/drhorvathaugyved.hu\/","title":{"rendered":"F\u0151oldal"},"content":{"rendered":"\t\t<div data-elementor-type=\"wp-page\" data-elementor-id=\"7\" class=\"elementor elementor-7\">\n\t\t\t\t\t\t<section class=\"elementor-section elementor-top-section elementor-element elementor-element-9cb911b elementor-section-boxed elementor-section-height-default elementor-section-height-default\" data-id=\"9cb911b\" data-element_type=\"section\">\n\t\t\t\t\t\t<div class=\"elementor-container elementor-column-gap-default\">\n\t\t\t\t\t<div class=\"elementor-column elementor-col-100 elementor-top-column elementor-element elementor-element-e63f730\" data-id=\"e63f730\" data-element_type=\"column\">\n\t\t\t<div class=\"elementor-widget-wrap elementor-element-populated\">\n\t\t\t\t\t\t<div class=\"elementor-element elementor-element-c0b1b91 elementor-widget elementor-widget-image\" data-id=\"c0b1b91\" data-element_type=\"widget\" data-widget_type=\"image.default\">\n\t\t\t\t<div class=\"elementor-widget-container\">\n\t\t\t<style>\/*! elementor - v3.21.0 - 08-05-2024 *\/\n.elementor-widget-image{text-align:center}.elementor-widget-image a{display:inline-block}.elementor-widget-image a img[src$=\".svg\"]{width:48px}.elementor-widget-image img{vertical-align:middle;display:inline-block}<\/style>\t\t\t\t\t\t\t\t\t\t<img fetchpriority=\"high\" decoding=\"async\" width=\"300\" height=\"200\" src=\"https:\/\/drhorvathaugyved.hu\/wp-content\/uploads\/2022\/09\/Dr.-Horvath-Alajos-1-scaled-e1663184363485-300x200.jpg\" class=\"attachment-medium size-medium wp-image-21\" alt=\"\" srcset=\"https:\/\/drhorvathaugyved.hu\/wp-content\/uploads\/2022\/09\/Dr.-Horvath-Alajos-1-scaled-e1663184363485-300x200.jpg 300w, https:\/\/drhorvathaugyved.hu\/wp-content\/uploads\/2022\/09\/Dr.-Horvath-Alajos-1-scaled-e1663184363485-1024x683.jpg 1024w, https:\/\/drhorvathaugyved.hu\/wp-content\/uploads\/2022\/09\/Dr.-Horvath-Alajos-1-scaled-e1663184363485-768x512.jpg 768w, https:\/\/drhorvathaugyved.hu\/wp-content\/uploads\/2022\/09\/Dr.-Horvath-Alajos-1-scaled-e1663184363485-1536x1024.jpg 1536w, https:\/\/drhorvathaugyved.hu\/wp-content\/uploads\/2022\/09\/Dr.-Horvath-Alajos-1-scaled-e1663184363485.jpg 1620w\" sizes=\"(max-width: 300px) 100vw, 300px\" \/>\t\t\t\t\t\t\t\t\t\t\t\t\t<\/div>\n\t\t\t\t<\/div>\n\t\t\t\t\t<\/div>\n\t\t<\/div>\n\t\t\t\t\t<\/div>\n\t\t<\/section>\n\t\t\t\t<section class=\"elementor-section elementor-top-section elementor-element elementor-element-2535af1 elementor-section-boxed elementor-section-height-default elementor-section-height-default\" data-id=\"2535af1\" data-element_type=\"section\">\n\t\t\t\t\t\t<div class=\"elementor-container elementor-column-gap-default\">\n\t\t\t\t\t<div class=\"elementor-column elementor-col-100 elementor-top-column elementor-element elementor-element-2af94c2\" data-id=\"2af94c2\" data-element_type=\"column\">\n\t\t\t<div class=\"elementor-widget-wrap elementor-element-populated\">\n\t\t\t\t\t\t<div class=\"elementor-element elementor-element-7cbb02e elementor-widget elementor-widget-accordion\" data-id=\"7cbb02e\" data-element_type=\"widget\" data-widget_type=\"accordion.default\">\n\t\t\t\t<div class=\"elementor-widget-container\">\n\t\t\t<style>\/*! elementor - v3.21.0 - 08-05-2024 *\/\n.elementor-accordion{text-align:start}.elementor-accordion .elementor-accordion-item{border:1px solid #d5d8dc}.elementor-accordion .elementor-accordion-item+.elementor-accordion-item{border-top:none}.elementor-accordion .elementor-tab-title{margin:0;padding:15px 20px;font-weight:700;line-height:1;cursor:pointer;outline:none}.elementor-accordion .elementor-tab-title .elementor-accordion-icon{display:inline-block;width:1.5em}.elementor-accordion .elementor-tab-title .elementor-accordion-icon svg{width:1em;height:1em}.elementor-accordion .elementor-tab-title .elementor-accordion-icon.elementor-accordion-icon-right{float:right;text-align:right}.elementor-accordion .elementor-tab-title .elementor-accordion-icon.elementor-accordion-icon-left{float:left;text-align:left}.elementor-accordion .elementor-tab-title .elementor-accordion-icon .elementor-accordion-icon-closed{display:block}.elementor-accordion .elementor-tab-title .elementor-accordion-icon .elementor-accordion-icon-opened,.elementor-accordion .elementor-tab-title.elementor-active .elementor-accordion-icon-closed{display:none}.elementor-accordion .elementor-tab-title.elementor-active .elementor-accordion-icon-opened{display:block}.elementor-accordion .elementor-tab-content{display:none;padding:15px 20px;border-top:1px solid #d5d8dc}@media (max-width:767px){.elementor-accordion .elementor-tab-title{padding:12px 15px}.elementor-accordion .elementor-tab-title .elementor-accordion-icon{width:1.2em}.elementor-accordion .elementor-tab-content{padding:7px 15px}}.e-con-inner>.elementor-widget-accordion,.e-con>.elementor-widget-accordion{width:var(--container-widget-width);--flex-grow:var(--container-widget-flex-grow)}<\/style>\t\t<div class=\"elementor-accordion\">\n\t\t\t\t\t\t\t<div class=\"elementor-accordion-item\">\n\t\t\t\t\t<div id=\"elementor-tab-title-1301\" class=\"elementor-tab-title\" data-tab=\"1\" role=\"button\" aria-controls=\"elementor-tab-content-1301\" aria-expanded=\"false\">\n\t\t\t\t\t\t\t\t\t\t\t\t\t<span class=\"elementor-accordion-icon elementor-accordion-icon-left\" aria-hidden=\"true\">\n\t\t\t\t\t\t\t\t\t\t\t\t\t\t\t<span class=\"elementor-accordion-icon-closed\"><i class=\"fas fa-chevron-down\"><\/i><\/span>\n\t\t\t\t\t\t\t\t<span class=\"elementor-accordion-icon-opened\"><i class=\"fas fa-chevron-up\"><\/i><\/span>\n\t\t\t\t\t\t\t\t\t\t\t\t\t\t<\/span>\n\t\t\t\t\t\t\t\t\t\t\t\t<a class=\"elementor-accordion-title\" tabindex=\"0\">T\u00f6rt\u00e9netem<\/a>\n\t\t\t\t\t<\/div>\n\t\t\t\t\t<div id=\"elementor-tab-content-1301\" class=\"elementor-tab-content elementor-clearfix\" data-tab=\"1\" role=\"region\" aria-labelledby=\"elementor-tab-title-1301\"><p style=\"font-variant-ligatures: normal; font-variant-caps: normal; font-family: Roboto, sans-serif; font-size: 14px; font-style: normal; font-weight: 400; text-align: justify;\">Dr. Horv\u00e1th Alajos vagyok, a Horv\u00e1th \u00e9s T\u00e1rsa \u00dcgyv\u00e9di Iroda tagja, irodavezet\u0151 \u00fcgyv\u00e9d. Irod\u00e1m m\u00e1sik tagja 2010. \u00f3ta sz\u00fcnetelteti az \u00fcgyv\u00e9di tev\u00e9kenys\u00e9g\u00e9t.<\/p><p style=\"font-variant-ligatures: normal; font-variant-caps: normal; font-family: Roboto, sans-serif; font-size: 14px; font-style: normal; font-weight: 400; text-align: justify;\">Az \u00fcgyv\u00e9di iroda 2009. \u00f3ta m\u0171k\u00f6dik, \u00e9n ugyanakkor 1998. okt\u00f3ber 1. \u00f3ta folytatok \u00fcgyv\u00e9di tev\u00e9kenys\u00e9get, n\u00e9mi k\u00f6zigazgat\u00e1si kit\u00e9r\u0151vel: 2007. j\u00falius 2. \u00e9s 2008. j\u00fanius 1. k\u00f6z\u00f6tt<br \/>Kecskem\u00e9t Megyei Jog\u00fa V\u00e1ros \u00d6nkorm\u00e1nyzat\u00e1n\u00e1l dolgoztam, csoportvezet\u0151k\u00e9nt.\u00a0<\/p><p style=\"font-variant-ligatures: normal; font-variant-caps: normal; font-family: Roboto, sans-serif; font-size: 14px; font-style: normal; font-weight: 400; text-align: justify;\">1970-ben sz\u00fclettem Kiskunf\u00e9legyh\u00e1z\u00e1n. Apai \u00e1gon hetedik gener\u00e1ci\u00f3 \u00f3ta \u00e9l\u00fcnk Kiskunf\u00e9legyh\u00e1z\u00e1n. 1989-ben \u00e9retts\u00e9giztem a M\u00f3ra Ferenc Gimn\u00e1ziumban. 1989-ben felvettek az \u00c1llatorvos-tudom\u00e1nyi Egyetemre, majd az ottani tanulm\u00e1nyaimat megszak\u00edtva, 1991-ben pedig felvettek Szegedre, a J\u00f3zsef Attila Tudom\u00e1nyegyetem \u00c1llam- \u00e9s Jogtudom\u00e1nyi Kar\u00e1ra, ahol 1996-ban szereztem diplom\u00e1t.<\/p><p style=\"font-variant-ligatures: normal; font-variant-caps: normal; font-family: Roboto, sans-serif; font-size: 14px; font-style: normal; font-weight: 400; text-align: justify;\">Apai vagy nagyapai hagyat\u00e9k? \u00c9desap\u00e1m \u00e1llatorvos volt, apai nagyap\u00e1m, akit nem ismerhettem, pedig \u00fcgyv\u00e9d. V\u00e9g\u00fcl a nagyapai hagyat\u00e9kot vettem a v\u00e1llamra, miut\u00e1n 1996-t\u00f3l k\u00e9t \u00e9vig \u00fcgyv\u00e9djel\u00f6lt voltam Dr. Sulyok Mikl\u00f3s \u00fcgyv\u00e9d irod\u00e1j\u00e1ban \u00e9s 1998-ban pedig sikeres szakvizsg\u00e1t tettem.<\/p><\/div>\n\t\t\t\t<\/div>\n\t\t\t\t\t\t\t<div class=\"elementor-accordion-item\">\n\t\t\t\t\t<div id=\"elementor-tab-title-1302\" class=\"elementor-tab-title\" data-tab=\"2\" role=\"button\" aria-controls=\"elementor-tab-content-1302\" aria-expanded=\"false\">\n\t\t\t\t\t\t\t\t\t\t\t\t\t<span class=\"elementor-accordion-icon elementor-accordion-icon-left\" aria-hidden=\"true\">\n\t\t\t\t\t\t\t\t\t\t\t\t\t\t\t<span class=\"elementor-accordion-icon-closed\"><i class=\"fas fa-chevron-down\"><\/i><\/span>\n\t\t\t\t\t\t\t\t<span class=\"elementor-accordion-icon-opened\"><i class=\"fas fa-chevron-up\"><\/i><\/span>\n\t\t\t\t\t\t\t\t\t\t\t\t\t\t<\/span>\n\t\t\t\t\t\t\t\t\t\t\t\t<a class=\"elementor-accordion-title\" tabindex=\"0\">Szakmai bemutatkoz\u00e1s<\/a>\n\t\t\t\t\t<\/div>\n\t\t\t\t\t<div id=\"elementor-tab-content-1302\" class=\"elementor-tab-content elementor-clearfix\" data-tab=\"2\" role=\"region\" aria-labelledby=\"elementor-tab-title-1302\"><p style=\"margin-bottom: 11px; font-variant-ligatures: normal; font-variant-caps: normal; font-family: Roboto, sans-serif; font-size: 14px; font-style: normal; font-weight: 400;\">Kiemelt szakter\u00fcletem a csal\u00e1di jog, ezen bel\u00fcl a sz\u00fcl\u0151i fel\u00fcgyelet, kor\u00e1bban\u00a0<span style=\"font-size: 14px; color: var( --e-global-color-text );\">gyermekelhelyez\u00e9s, a kapcsolattart\u00e1s \u00e9s a gyermektart\u00e1s, az ezekkel kapcsolatos peres\u00a0<\/span>k\u00e9pviselet \u00e9s okiratszerkeszt\u00e9s. Kiemelten foglalkozok tov\u00e1bb\u00e1 a h\u00e1zass\u00e1ggal kapcsolatos peres elj\u00e1r\u00e1sokkal, nemperes elj\u00e1r\u00e1sokkal \u00e9s gy\u00e1mhat\u00f3s\u00e1gi elj\u00e1r\u00e1sokkal is, mint k\u00fcl\u00f6n\u00f6sen a h\u00e1zass\u00e1g felbont\u00e1sa, h\u00e1zass\u00e1gi vagyonk\u00f6z\u00f6ss\u00e9g megsz\u00fcntet\u00e9se. V\u00e1llalom a csal\u00e1di joggal kapcsolatos okiratszerkeszt\u00e9st is, p\u00e9ld\u00e1ul a h\u00e1zass\u00e1gi vagyonjogi szerz\u0151d\u00e9st.<\/p><p style=\"margin-bottom: 11px; font-variant-ligatures: normal; font-variant-caps: normal; font-family: Roboto, sans-serif; font-size: 14px; font-style: normal; font-weight: 400;\">V\u00e1llalok c\u00e9g\u00fcgyeket is, c\u00e9gb\u00edr\u00f3s\u00e1gi elj\u00e1r\u00e1sban, ingatlan\u00fcgyeket ingatlan-nyilv\u00e1ntart\u00e1si elj\u00e1r\u00e1sban. V\u00e1llalok jogi k\u00e9pviseletet egy\u00e9b polg\u00e1ri perekben, tov\u00e1bb\u00e1 munka\u00fcgyi jogvit\u00e1ban, munka\u00fcgyi peres elj\u00e1r\u00e1sban.<\/p><p style=\"margin-bottom: 11px; font-variant-ligatures: normal; font-variant-caps: normal; font-family: Roboto, sans-serif; font-size: 14px; font-style: normal; font-weight: 400;\">A b\u00fcntet\u0151jog ter\u00fclet\u00e9r\u0151l els\u0151sorban a s\u00e9rtetti jogi k\u00e9pviseletet v\u00e1llalok, de meghatalmaz\u00e1s \u00fatj\u00e1n v\u00e9d\u0151i megb\u00edz\u00e1st is v\u00e1llalok.<\/p><p style=\"margin-bottom: 11px; font-variant-ligatures: normal; font-variant-caps: normal; font-family: Roboto, sans-serif; font-size: 14px; font-style: normal; font-weight: 400;\">Kiskunf\u00e9legyh\u00e1zi lok\u00e1lpatri\u00f3t\u00e1nak vallom magamat, ez\u00e9rt \u00fcgyv\u00e9di irod\u00e1m szerz\u0151d\u00e9sben \u00e1ll az Igazs\u00e1g\u00fcgyi Miniszt\u00e9riummal, \u00edgy szerepel azon jogi seg\u00edt\u0151k k\u00f6z\u00f6tt, akik \u2013 k\u00fcl\u00f6n korm\u00e1nyhivatali elj\u00e1r\u00e1st k\u00f6vet\u0151en, a korm\u00e1nyhivatal hat\u00e1rozata alapj\u00e1n \u2013 fizet\u00e9si k\u00f6nny\u00edt\u00e9s\u00a0mellett vannak a jogkeres\u0151 polg\u00e1rok seg\u00edts\u00e9g\u00e9re.<\/p><\/div>\n\t\t\t\t<\/div>\n\t\t\t\t\t\t\t\t<\/div>\n\t\t\t\t<\/div>\n\t\t\t\t<\/div>\n\t\t\t\t\t<\/div>\n\t\t<\/div>\n\t\t\t\t\t<\/div>\n\t\t<\/section>\n\t\t\t\t<section class=\"elementor-section elementor-top-section elementor-element elementor-element-25b337b elementor-section-boxed elementor-section-height-default elementor-section-height-default\" data-id=\"25b337b\" data-element_type=\"section\">\n\t\t\t\t\t\t<div class=\"elementor-container elementor-column-gap-default\">\n\t\t\t\t\t<div class=\"elementor-column elementor-col-100 elementor-top-column elementor-element elementor-element-cbeff16\" data-id=\"cbeff16\" data-element_type=\"column\">\n\t\t\t<div class=\"elementor-widget-wrap elementor-element-populated\">\n\t\t\t\t\t\t<div class=\"elementor-element elementor-element-3103589 elementor-widget elementor-widget-text-editor\" data-id=\"3103589\" data-element_type=\"widget\" data-widget_type=\"text-editor.default\">\n\t\t\t\t<div class=\"elementor-widget-container\">\n\t\t\t<style>\/*! elementor - v3.21.0 - 08-05-2024 *\/\n.elementor-widget-text-editor.elementor-drop-cap-view-stacked .elementor-drop-cap{background-color:#69727d;color:#fff}.elementor-widget-text-editor.elementor-drop-cap-view-framed .elementor-drop-cap{color:#69727d;border:3px solid;background-color:transparent}.elementor-widget-text-editor:not(.elementor-drop-cap-view-default) .elementor-drop-cap{margin-top:8px}.elementor-widget-text-editor:not(.elementor-drop-cap-view-default) .elementor-drop-cap-letter{width:1em;height:1em}.elementor-widget-text-editor .elementor-drop-cap{float:left;text-align:center;line-height:1;font-size:50px}.elementor-widget-text-editor .elementor-drop-cap-letter{display:inline-block}<\/style>\t\t\t\t<p>Felkeltettem \u00e9rdekl\u0151d\u00e9s\u00e9t? Vegye fel velem a kapcsolatot:<\/p>\t\t\t\t\t\t<\/div>\n\t\t\t\t<\/div>\n\t\t\t\t\t<\/div>\n\t\t<\/div>\n\t\t\t\t\t<\/div>\n\t\t<\/section>\n\t\t\t\t<section class=\"elementor-section elementor-top-section elementor-element elementor-element-b13432b elementor-section-boxed elementor-section-height-default elementor-section-height-default\" data-id=\"b13432b\" data-element_type=\"section\">\n\t\t\t\t\t\t<div class=\"elementor-container elementor-column-gap-default\">\n\t\t\t\t\t<div class=\"elementor-column elementor-col-100 elementor-top-column elementor-element elementor-element-29c5705\" data-id=\"29c5705\" data-element_type=\"column\">\n\t\t\t<div class=\"elementor-widget-wrap elementor-element-populated\">\n\t\t\t\t\t\t<div class=\"elementor-element elementor-element-5b4a05e elementor-align-center elementor-widget elementor-widget-button\" data-id=\"5b4a05e\" data-element_type=\"widget\" data-widget_type=\"button.default\">\n\t\t\t\t<div class=\"elementor-widget-container\">\n\t\t\t\t\t<div class=\"elementor-button-wrapper\">\n\t\t\t<a class=\"elementor-button elementor-button-link elementor-size-sm\" href=\"?page_id=10\">\n\t\t\t\t\t\t<span class=\"elementor-button-content-wrapper\">\n\t\t\t\t\t\t\t\t\t<span class=\"elementor-button-text\">Kapcsolat<\/span>\n\t\t\t\t\t<\/span>\n\t\t\t\t\t<\/a>\n\t\t<\/div>\n\t\t\t\t<\/div>\n\t\t\t\t<\/div>\n\t\t\t\t\t<\/div>\n\t\t<\/div>\n\t\t\t\t\t<\/div>\n\t\t<\/section>\n\t\t\t\t<\/div>\n\t\t","protected":false},"excerpt":{"rendered":"<p>T\u00f6rt\u00e9netem Dr. Horv\u00e1th Alajos vagyok, a Horv\u00e1th \u00e9s T\u00e1rsa \u00dcgyv\u00e9di Iroda tagja, irodavezet\u0151 \u00fcgyv\u00e9d. Irod\u00e1m m\u00e1sik tagja 2010. \u00f3ta sz\u00fcnetelteti az \u00fcgyv\u00e9di tev\u00e9kenys\u00e9g\u00e9t. Az \u00fcgyv\u00e9di iroda 2009. \u00f3ta m\u0171k\u00f6dik, \u00e9n ugyanakkor 1998. okt\u00f3ber 1. \u00f3ta folytatok \u00fcgyv\u00e9di tev\u00e9kenys\u00e9get, n\u00e9mi k\u00f6zigazgat\u00e1si kit\u00e9r\u0151vel: 2007. j\u00falius 2. \u00e9s 2008. j\u00fanius 1. k\u00f6z\u00f6ttKecskem\u00e9t Megyei Jog\u00fa V\u00e1ros \u00d6nkorm\u00e1nyzat\u00e1n\u00e1l dolgoztam, csoportvezet\u0151k\u00e9nt.\u00a0 [&hellip;]<\/p>\n","protected":false},"author":1,"featured_media":0,"parent":0,"menu_order":0,"comment_status":"closed","ping_status":"closed","template":"","meta":{"ocean_post_layout":"full-screen","ocean_both_sidebars_style":"","ocean_both_sidebars_content_width":0,"ocean_both_sidebars_sidebars_width":0,"ocean_sidebar":"0","ocean_second_sidebar":"0","ocean_disable_margins":"enable","ocean_add_body_class":"","ocean_shortcode_before_top_bar":"","ocean_shortcode_after_top_bar":"","ocean_shortcode_before_header":"","ocean_shortcode_after_header":"","ocean_has_shortcode":"","ocean_shortcode_after_title":"","ocean_shortcode_before_footer_widgets":"","ocean_shortcode_after_footer_widgets":"","ocean_shortcode_before_footer_bottom":"","ocean_shortcode_after_footer_bottom":"","ocean_display_top_bar":"default","ocean_display_header":"default","ocean_header_style":"","ocean_center_header_left_menu":"0","ocean_custom_header_template":"0","ocean_custom_logo":0,"ocean_custom_retina_logo":0,"ocean_custom_logo_max_width":0,"ocean_custom_logo_tablet_max_width":0,"ocean_custom_logo_mobile_max_width":0,"ocean_custom_logo_max_height":0,"ocean_custom_logo_tablet_max_height":0,"ocean_custom_logo_mobile_max_height":0,"ocean_header_custom_menu":"0","ocean_menu_typo_font_family":"0","ocean_menu_typo_font_subset":"","ocean_menu_typo_font_size":0,"ocean_menu_typo_font_size_tablet":0,"ocean_menu_typo_font_size_mobile":0,"ocean_menu_typo_font_size_unit":"px","ocean_menu_typo_font_weight":"","ocean_menu_typo_font_weight_tablet":"","ocean_menu_typo_font_weight_mobile":"","ocean_menu_typo_transform":"","ocean_menu_typo_transform_tablet":"","ocean_menu_typo_transform_mobile":"","ocean_menu_typo_line_height":0,"ocean_menu_typo_line_height_tablet":0,"ocean_menu_typo_line_height_mobile":0,"ocean_menu_typo_line_height_unit":"","ocean_menu_typo_spacing":0,"ocean_menu_typo_spacing_tablet":0,"ocean_menu_typo_spacing_mobile":0,"ocean_menu_typo_spacing_unit":"","ocean_menu_link_color":"","ocean_menu_link_color_hover":"","ocean_menu_link_color_active":"","ocean_menu_link_background":"","ocean_menu_link_hover_background":"","ocean_menu_link_active_background":"","ocean_menu_social_links_bg":"","ocean_menu_social_hover_links_bg":"","ocean_menu_social_links_color":"","ocean_menu_social_hover_links_color":"","ocean_disable_title":"on","ocean_disable_heading":"default","ocean_post_title":"","ocean_post_subheading":"","ocean_post_title_style":"","ocean_post_title_background_color":"","ocean_post_title_background":0,"ocean_post_title_bg_image_position":"","ocean_post_title_bg_image_attachment":"","ocean_post_title_bg_image_repeat":"","ocean_post_title_bg_image_size":"","ocean_post_title_height":0,"ocean_post_title_bg_overlay":0.5,"ocean_post_title_bg_overlay_color":"","ocean_disable_breadcrumbs":"default","ocean_breadcrumbs_color":"","ocean_breadcrumbs_separator_color":"","ocean_breadcrumbs_links_color":"","ocean_breadcrumbs_links_hover_color":"","ocean_display_footer_widgets":"default","ocean_display_footer_bottom":"default","ocean_custom_footer_template":"0","footnotes":""},"class_list":["post-7","page","type-page","status-publish","hentry","entry"],"_links":{"self":[{"href":"https:\/\/drhorvathaugyved.hu\/index.php?rest_route=\/wp\/v2\/pages\/7","targetHints":{"allow":["GET"]}}],"collection":[{"href":"https:\/\/drhorvathaugyved.hu\/index.php?rest_route=\/wp\/v2\/pages"}],"about":[{"href":"https:\/\/drhorvathaugyved.hu\/index.php?rest_route=\/wp\/v2\/types\/page"}],"author":[{"embeddable":true,"href":"https:\/\/drhorvathaugyved.hu\/index.php?rest_route=\/wp\/v2\/users\/1"}],"replies":[{"embeddable":true,"href":"https:\/\/drhorvathaugyved.hu\/index.php?rest_route=%2Fwp%2Fv2%2Fcomments&post=7"}],"version-history":[{"count":46,"href":"https:\/\/drhorvathaugyved.hu\/index.php?rest_route=\/wp\/v2\/pages\/7\/revisions"}],"predecessor-version":[{"id":209,"href":"https:\/\/drhorvathaugyved.hu\/index.php?rest_route=\/wp\/v2\/pages\/7\/revisions\/209"}],"wp:attachment":[{"href":"https:\/\/drhorvathaugyved.hu\/index.php?rest_route=%2Fwp%2Fv2%2Fmedia&parent=7"}],"curies":[{"name":"wp","href":"https:\/\/api.w.org\/{rel}","templated":true}]}}